{"id":17,"date":"2023-04-05T13:30:00","date_gmt":"2023-04-05T13:30:00","guid":{"rendered":"https:\/\/workshops.ds-ifs.tuwien.ac.at\/rectour23\/?page_id=17"},"modified":"2025-10-13T07:04:59","modified_gmt":"2025-10-13T07:04:59","slug":"program","status":"publish","type":"page","link":"https:\/\/workshops.ds-ifs.tuwien.ac.at\/rectour25\/program\/","title":{"rendered":"Program"},"content":{"rendered":"\n<h3 class=\"wp-block-heading\">Workshop Schedule (September 22, 2025)<\/h3>\n\n\n\n<p>08:30-08:45 Welcome<br>08:45-09:30 Keynote Alan Said: Recommender Systems in Tourism through a Fair and Sustainable Lens<br>09:30-10:30 Paper Presentations<br>&#8211; Apostolos Avranas, Moaad Maaroufi, Alix Lheriter, Rodrigo Acuna Agost and Eoin Thomas: Mix It Up: Improving Performance in Travel Choice Modeling<br>&#8211; Yuuki Tachioka: KP4POI: Efficient POI Recommendation on Large-scale Datasets via Knowledge Prompting of Venues and Users<br>&#8211; Joanna Zamiechowska, Julia Neidhardt and Wolfgang W\u00f6rndl: CiRi-Engine: POI Recommender System for Diverse and Balanced Walking Tours<\/p>\n\n\n\n<p>&lt;coffee break&gt;<\/p>\n\n\n\n<p>11:00-12:00 Paper Presentations<br>&#8211; Ioannis Partalas: Simple Regularization for Aligning Embedding Spaces for Cross-brand Recommendation<br>&#8211; Akshat Tandon and Ashmi Banerjee: Evaluating User Intent Classification and Hybrid Retrieval in a RAG-based Conversational Tourism Recommendation System<br>&#8211; Elena L. Gonz\u00e1lez-Sanz, Iv\u00e1n Cantador and Alejandro Bellog\u00edn: LLM-based Generation of Personalized, Context-aware City Tourist Itineraries: A User Study with GPT Trip Planner<br>12:00-12:30 Group Discussion on \u201eGenerative AI for Tourism Recommender Systems\u201c and Closing<\/p>\n\n\n\n<h3 class=\"wp-block-heading\">Workshop Proceedings<\/h3>\n\n\n\n<p>The RecTour 2025 Proceedings have been published online by <a href=\"https:\/\/ceur-ws.org\/Vol-4052\/\">CEUR Workshop Proceedings Vol-4052<\/a><\/p>\n","protected":false},"excerpt":{"rendered":"<p>Workshop Schedule (September 22, 2025) 08:30-08:45 Welcome08:45-09:30 Keynote Alan Said: Recommender Systems in Tourism through a Fair and Sustainable Lens09:30-10:30 Paper Presentations&#8211; Apostolos Avranas, Moaad Maaroufi, Alix Lheriter, Rodrigo Acuna Agost and Eoin Thomas: Mix It Up: Improving Performance in&#8230;<br \/><a class=\"read-more-button\" href=\"https:\/\/workshops.ds-ifs.tuwien.ac.at\/rectour25\/program\/\">Read more<\/a><\/p>\n","protected":false},"author":2,"featured_media":0,"parent":0,"menu_order":0,"comment_status":"closed","ping_status":"closed","template":"","meta":{"footnotes":""},"class_list":["post-17","page","type-page","status-publish","hentry"],"_links":{"self":[{"href":"https:\/\/workshops.ds-ifs.tuwien.ac.at\/rectour25\/wp-json\/wp\/v2\/pages\/17","targetHints":{"allow":["GET"]}}],"collection":[{"href":"https:\/\/workshops.ds-ifs.tuwien.ac.at\/rectour25\/wp-json\/wp\/v2\/pages"}],"about":[{"href":"https:\/\/workshops.ds-ifs.tuwien.ac.at\/rectour25\/wp-json\/wp\/v2\/types\/page"}],"author":[{"embeddable":true,"href":"https:\/\/workshops.ds-ifs.tuwien.ac.at\/rectour25\/wp-json\/wp\/v2\/users\/2"}],"replies":[{"embeddable":true,"href":"https:\/\/workshops.ds-ifs.tuwien.ac.at\/rectour25\/wp-json\/wp\/v2\/comments?post=17"}],"version-history":[{"count":38,"href":"https:\/\/workshops.ds-ifs.tuwien.ac.at\/rectour25\/wp-json\/wp\/v2\/pages\/17\/revisions"}],"predecessor-version":[{"id":305,"href":"https:\/\/workshops.ds-ifs.tuwien.ac.at\/rectour25\/wp-json\/wp\/v2\/pages\/17\/revisions\/305"}],"wp:attachment":[{"href":"https:\/\/workshops.ds-ifs.tuwien.ac.at\/rectour25\/wp-json\/wp\/v2\/media?parent=17"}],"curies":[{"name":"wp","href":"https:\/\/api.w.org\/{rel}","templated":true}]}}